{"id":114,"date":"2017-04-26T11:39:22","date_gmt":"2017-04-26T11:39:22","guid":{"rendered":"http:\/\/xn--galerie-kunststcke-mnchen-twcf.de\/?page_id=114"},"modified":"2026-02-06T15:04:05","modified_gmt":"2026-02-06T15:04:05","slug":"aktuell","status":"publish","type":"page","link":"https:\/\/www.galerie-kunststuecke-muenchen.de\/?page_id=114","title":{"rendered":"VORSCHAU"},"content":{"rendered":"<p>[et_pb_section fb_built=&#8220;1&#8243; _builder_version=&#8220;4.22.2&#8243; global_colors_info=&#8220;{}&#8220;][et_pb_row _builder_version=&#8220;4.22.2&#8243; _module_preset=&#8220;default&#8220; global_colors_info=&#8220;{}&#8220;][et_pb_column type=&#8220;4_4&#8243; _builder_version=&#8220;4.22.2&#8243; _module_preset=&#8220;default&#8220; global_colors_info=&#8220;{}&#8220;][et_pb_text _builder_version=&#8220;4.22.2&#8243; _module_preset=&#8220;default&#8220; text_text_color=&#8220;#b73a00&#8243; header_text_color=&#8220;#b73f17&#8243; global_colors_info=&#8220;{}&#8220;]<\/p>\n<h1 style=\"text-align: center;\">VORSCHAU 2026<\/h1>\n<p>[\/et_pb_text][\/et_pb_column][\/et_pb_row][et_pb_row column_structure=&#8220;1_2,1_2&#8243; _builder_version=&#8220;4.22.2&#8243; _module_preset=&#8220;default&#8220; global_colors_info=&#8220;{}&#8220;][et_pb_column type=&#8220;1_2&#8243; _builder_version=&#8220;4.22.2&#8243; _module_preset=&#8220;default&#8220; global_colors_info=&#8220;{}&#8220;][et_pb_image src=&#8220;https:\/\/www.galerie-kunststuecke-muenchen.de\/wp-content\/uploads\/2026\/02\/6770-Fruehlingsduft-2026-65-x-65-cm-Acryl-auf-L.png&#8220; title_text=&#8220;6770 Fr\u00fchlingsduft, 2026, 65 x 65 cm, Acryl auf L&#8220; _builder_version=&#8220;4.22.2&#8243; _module_preset=&#8220;default&#8220; global_colors_info=&#8220;{}&#8220;][\/et_pb_image][et_pb_image src=&#8220;https:\/\/www.galerie-kunststuecke-muenchen.de\/wp-content\/uploads\/2026\/01\/IMG_6514-scaled.jpeg&#8220; title_text=&#8220;IMG_6514&#8243; _builder_version=&#8220;4.22.2&#8243; _module_preset=&#8220;default&#8220; global_colors_info=&#8220;{}&#8220;][\/et_pb_image][et_pb_image src=&#8220;https:\/\/www.galerie-kunststuecke-muenchen.de\/wp-content\/uploads\/2026\/02\/3_-scaled.jpg&#8220; title_text=&#8220;Retrato&#8220; _builder_version=&#8220;4.22.2&#8243; _module_preset=&#8220;default&#8220; hover_enabled=&#8220;0&#8243; global_colors_info=&#8220;{}&#8220; sticky_enabled=&#8220;0&#8243;][\/et_pb_image][et_pb_image src=&#8220;https:\/\/www.galerie-kunststuecke-muenchen.de\/wp-content\/uploads\/2026\/02\/6766-Titel-2025-60-x-60-cm-Acryl-auf-LW.png&#8220; title_text=&#8220;6766 Titel, 2025, 60 x 60 cm, Acryl auf LW&#8220; _builder_version=&#8220;4.22.2&#8243; _module_preset=&#8220;default&#8220; global_colors_info=&#8220;{}&#8220;][\/et_pb_image][et_pb_image src=&#8220;https:\/\/www.galerie-kunststuecke-muenchen.de\/wp-content\/uploads\/2026\/02\/1-scaled.jpg&#8220; _builder_version=&#8220;4.22.2&#8243; _module_preset=&#8220;default&#8220; hover_enabled=&#8220;0&#8243; global_colors_info=&#8220;{}&#8220; title_text=&#8220;Retrato&#8220; sticky_enabled=&#8220;0&#8243;][\/et_pb_image][et_pb_text _builder_version=&#8220;4.22.2&#8243; _module_preset=&#8220;default&#8220; global_colors_info=&#8220;{}&#8220;]<\/p>\n<p>2 Fotos: <span>\u00a9 Mainelschmidt<\/span><\/p>\n<p>[\/et_pb_text][\/et_pb_column][et_pb_column type=&#8220;1_2&#8243; _builder_version=&#8220;4.22.2&#8243; _module_preset=&#8220;default&#8220; global_colors_info=&#8220;{}&#8220;][et_pb_text _builder_version=&#8220;4.22.2&#8243; _module_preset=&#8220;default&#8220; global_colors_info=&#8220;{}&#8220;]<\/p>\n<h2>M\u00e4rz-Ausstellung 2026:<\/h2>\n<p>&nbsp;<\/p>\n<h2><span style=\"color: #6d0101;\">HEITERKEIT TRIFFT SEELE 2.0<\/span><\/h2>\n<h2>mit Malerei der belgischen K\u00fcnstlerin <span style=\"color: #189b1f;\"><span style=\"color: #1976a8;\">GREET HELSEN<\/span> <span style=\"color: #666666;\">&amp; Bronze-Skulpturen von <\/span><\/span><span style=\"color: #189b1f;\"><span style=\"color: #1976a8;\">PATRICIA LOSADA<\/span><\/span><span style=\"color: #189b1f;\"><span style=\"color: #2a1dc1;\">\u00a0<\/span><\/span><span style=\"color: #189b1f;\"><span style=\"color: #666666;\">&amp; Steinskulpturen von<\/span><\/span><span style=\"color: #189b1f;\"><span style=\"color: #666666;\">\u00a0<\/span><\/span><span style=\"color: #189b1f;\"><span style=\"color: #1976a8;\">RENATE HOFER<\/span><\/span><\/h2>\n<h2>Sa, 21. M\u00e4rz 2026 von 16-19 Uhr<br \/>So, 22. M\u00e4rz 2026 von 11-17 Uhr<\/h2>\n<p>[\/et_pb_text][et_pb_image src=&#8220;https:\/\/www.galerie-kunststuecke-muenchen.de\/wp-content\/uploads\/2026\/01\/Cerrar-el-circulo-III-bearbeitet-scaled.jpg&#8220; title_text=&#8220;Cerrar el circulo III bearbeitet&#8220; _builder_version=&#8220;4.22.2&#8243; _module_preset=&#8220;default&#8220; global_colors_info=&#8220;{}&#8220;][\/et_pb_image][et_pb_image src=&#8220;https:\/\/www.galerie-kunststuecke-muenchen.de\/wp-content\/uploads\/2026\/02\/6774-Bergfruehling-II-2026-100-x-100-cm-Acryl-auf-LW.png&#8220; title_text=&#8220;6774 Bergfr\u00fchling II, 2026, 100 x 100 cm, Acryl auf LW&#8220; _builder_version=&#8220;4.22.2&#8243; _module_preset=&#8220;default&#8220; hover_enabled=&#8220;0&#8243; global_colors_info=&#8220;{}&#8220; sticky_enabled=&#8220;0&#8243;][\/et_pb_image][et_pb_image src=&#8220;https:\/\/www.galerie-kunststuecke-muenchen.de\/wp-content\/uploads\/2026\/01\/2025-Balingen-Mainelschmidt-18.jpeg&#8220; title_text=&#8220;2025 Balingen Mainelschmidt-18&#8243; _builder_version=&#8220;4.22.2&#8243; _module_preset=&#8220;default&#8220; global_colors_info=&#8220;{}&#8220;][\/et_pb_image][et_pb_image src=&#8220;https:\/\/www.galerie-kunststuecke-muenchen.de\/wp-content\/uploads\/2026\/02\/6778-Spiegelung-2026-110-x-140-cm-Acryl-auf-LW-1.png&#8220; title_text=&#8220;6778 Spiegelung, 2026, 110 x 140 cm, Acryl auf LW&#8220; _builder_version=&#8220;4.22.2&#8243; _module_preset=&#8220;default&#8220; hover_enabled=&#8220;0&#8243; global_colors_info=&#8220;{}&#8220; sticky_enabled=&#8220;0&#8243;][\/et_pb_image][\/et_pb_column][\/et_pb_row][et_pb_row _builder_version=&#8220;4.22.2&#8243; _module_preset=&#8220;default&#8220; min_height=&#8220;92.8px&#8220; custom_margin=&#8220;|auto|30px|auto||&#8220; global_colors_info=&#8220;{}&#8220;][et_pb_column type=&#8220;4_4&#8243; _builder_version=&#8220;4.22.2&#8243; _module_preset=&#8220;default&#8220; global_colors_info=&#8220;{}&#8220;][et_pb_column type=&#8220;4_4&#8243; _builder_version=&#8220;4.22.2&#8243; _module_preset=&#8220;default&#8220; locked=&#8220;off&#8220; global_colors_info=&#8220;{}&#8220;][\/et_pb_column][\/et_pb_column][\/et_pb_row][et_pb_row column_structure=&#8220;1_2,1_2&#8243; _builder_version=&#8220;4.22.2&#8243; _module_preset=&#8220;default&#8220; global_colors_info=&#8220;{}&#8220;][et_pb_column type=&#8220;1_2&#8243; _builder_version=&#8220;4.22.2&#8243; _module_preset=&#8220;default&#8220; global_colors_info=&#8220;{}&#8220;][et_pb_text _builder_version=&#8220;4.22.2&#8243; _module_preset=&#8220;default&#8220; global_colors_info=&#8220;{}&#8220;]<\/p>\n<h2><\/h2>\n<h2>Juli-Ausstellung 2026:<\/h2>\n<p>&nbsp;<\/p>\n<h2><span style=\"color: #6d0101;\">GEHEIME ZEICHEN<\/span><\/h2>\n<h2>mit Malerei des bulgarischen K\u00fcnstlers <span style=\"color: #22069e;\">ILIYA ZHELEV<\/span> &amp; Holz-Skulpturen von <span style=\"color: #22069e;\">HEIDI STULLE-GOLD<\/span><\/h2>\n<h2>Sa, 11. Juli 2026 von 16-19 Uhr<br \/>So, 12. Juli 2026 von 11-16 Uhr<\/h2>\n<p>[\/et_pb_text][et_pb_image src=&#8220;https:\/\/www.galerie-kunststuecke-muenchen.de\/wp-content\/uploads\/2026\/01\/05_The-lake-70&#215;80-cm&#8211;scaled.jpg&#8220; title_text=&#8220;05_The lake 70&#215;80 cm&#8220; _builder_version=&#8220;4.22.2&#8243; _module_preset=&#8220;default&#8220; global_colors_info=&#8220;{}&#8220;][\/et_pb_image][et_pb_image src=&#8220;https:\/\/www.galerie-kunststuecke-muenchen.de\/wp-content\/uploads\/2026\/01\/IMG_4781.jpg&#8220; title_text=&#8220;IMG_4781&#8243; _builder_version=&#8220;4.22.2&#8243; _module_preset=&#8220;default&#8220; global_colors_info=&#8220;{}&#8220;][\/et_pb_image][et_pb_image src=&#8220;https:\/\/www.galerie-kunststuecke-muenchen.de\/wp-content\/uploads\/2026\/01\/Summer-night-100&#215;160-cm-scaled.jpg&#8220; title_text=&#8220;Summer night 100&#215;160 cm&#8220; _builder_version=&#8220;4.22.2&#8243; _module_preset=&#8220;default&#8220; global_colors_info=&#8220;{}&#8220;][\/et_pb_image][et_pb_image src=&#8220;https:\/\/www.galerie-kunststuecke-muenchen.de\/wp-content\/uploads\/2026\/01\/IMG-20211007-WA0005.jpg&#8220; title_text=&#8220;IMG-20211007-WA0005&#8243; _builder_version=&#8220;4.22.2&#8243; _module_preset=&#8220;default&#8220; global_colors_info=&#8220;{}&#8220;][\/et_pb_image][\/et_pb_column][et_pb_column type=&#8220;1_2&#8243; _builder_version=&#8220;4.22.2&#8243; _module_preset=&#8220;default&#8220; global_colors_info=&#8220;{}&#8220;][et_pb_image src=&#8220;https:\/\/www.galerie-kunststuecke-muenchen.de\/wp-content\/uploads\/2026\/01\/IMG-20231026-WA0007.jpg&#8220; title_text=&#8220;IMG-20231026-WA0007&#8243; _builder_version=&#8220;4.22.2&#8243; _module_preset=&#8220;default&#8220; global_colors_info=&#8220;{}&#8220;][\/et_pb_image][et_pb_image src=&#8220;https:\/\/www.galerie-kunststuecke-muenchen.de\/wp-content\/uploads\/2026\/01\/Winter-rotation-20&#215;20-cm.jpg&#8220; title_text=&#8220;Winter rotation 20&#215;20 cm&#8220; _builder_version=&#8220;4.22.2&#8243; _module_preset=&#8220;default&#8220; global_colors_info=&#8220;{}&#8220;][\/et_pb_image][et_pb_image src=&#8220;https:\/\/www.galerie-kunststuecke-muenchen.de\/wp-content\/uploads\/2026\/01\/IMG_4810.jpg&#8220; title_text=&#8220;IMG_4810&#8243; _builder_version=&#8220;4.22.2&#8243; _module_preset=&#8220;default&#8220; global_colors_info=&#8220;{}&#8220;][\/et_pb_image][\/et_pb_column][\/et_pb_row][et_pb_row _builder_version=&#8220;4.22.2&#8243; _module_preset=&#8220;default&#8220; min_height=&#8220;92.8px&#8220; custom_margin=&#8220;|auto|30px|auto||&#8220; global_colors_info=&#8220;{}&#8220;][et_pb_column type=&#8220;4_4&#8243; _builder_version=&#8220;4.22.2&#8243; _module_preset=&#8220;default&#8220; global_colors_info=&#8220;{}&#8220;][et_pb_column type=&#8220;4_4&#8243; _builder_version=&#8220;4.22.2&#8243; _module_preset=&#8220;default&#8220; locked=&#8220;off&#8220; global_colors_info=&#8220;{}&#8220;][\/et_pb_column][\/et_pb_column][\/et_pb_row][et_pb_row column_structure=&#8220;1_3,1_3,1_3&#8243; _builder_version=&#8220;4.22.2&#8243; _module_preset=&#8220;default&#8220; global_colors_info=&#8220;{}&#8220;][et_pb_column type=&#8220;1_3&#8243; _builder_version=&#8220;4.22.2&#8243; _module_preset=&#8220;default&#8220; global_colors_info=&#8220;{}&#8220;][et_pb_text _builder_version=&#8220;4.22.2&#8243; _module_preset=&#8220;default&#8220; hover_enabled=&#8220;0&#8243; global_colors_info=&#8220;{}&#8220; sticky_enabled=&#8220;0&#8243;]<\/p>\n<h2><\/h2>\n<h2>Oktober-Ausstellung 2026:<\/h2>\n<h2><span style=\"color: #6d1515;\">40 JAHRE THITZ\u00a0<\/span><\/h2>\n<h2>mit Arbeiten des K\u00fcnstlers <span style=\"color: #22069e;\">THITZ\u00a0<\/span><\/h2>\n<h2>Sa, 10. Oktober 2026 von 16-19 Uhr<br \/>So, 11. Oktober 2026 von 11-17Uhr<\/h2>\n<p>[\/et_pb_text][et_pb_image src=&#8220;https:\/\/www.galerie-kunststuecke-muenchen.de\/wp-content\/uploads\/2025\/10\/7_NY_ChryslerBldg_24x18_2024.jpeg&#8220; title_text=&#8220;7_NY_ChryslerBldg_24x18_2024&#8243; _builder_version=&#8220;4.22.2&#8243; _module_preset=&#8220;default&#8220; global_colors_info=&#8220;{}&#8220;][\/et_pb_image][\/et_pb_column][et_pb_column type=&#8220;1_3&#8243; _builder_version=&#8220;4.22.2&#8243; _module_preset=&#8220;default&#8220; global_colors_info=&#8220;{}&#8220;][et_pb_image src=&#8220;https:\/\/www.galerie-kunststuecke-muenchen.de\/wp-content\/uploads\/2025\/10\/24_Viktualienmarkt_2_Gaertner.jpg&#8220; title_text=&#8220;24_Viktualienmarkt_2_G\u00e4rtner&#8220; _builder_version=&#8220;4.22.2&#8243; _module_preset=&#8220;default&#8220; global_colors_info=&#8220;{}&#8220;][\/et_pb_image][et_pb_image src=&#8220;https:\/\/www.galerie-kunststuecke-muenchen.de\/wp-content\/uploads\/2025\/10\/10_Rubina24x18cm_2023.jpeg&#8220; title_text=&#8220;10_Rubina24x18cm_2023&#8243; _builder_version=&#8220;4.22.2&#8243; _module_preset=&#8220;default&#8220; global_colors_info=&#8220;{}&#8220;][\/et_pb_image][\/et_pb_column][et_pb_column type=&#8220;1_3&#8243; _builder_version=&#8220;4.22.2&#8243; _module_preset=&#8220;default&#8220; global_colors_info=&#8220;{}&#8220;][et_pb_image src=&#8220;https:\/\/www.galerie-kunststuecke-muenchen.de\/wp-content\/uploads\/2025\/10\/20_Paris_120x80cm_2024_-scaled.jpg&#8220; title_text=&#8220;20_Paris_120x80cm_2024_&#8220; _builder_version=&#8220;4.22.2&#8243; _module_preset=&#8220;default&#8220; global_colors_info=&#8220;{}&#8220;][\/et_pb_image][et_pb_image src=&#8220;https:\/\/www.galerie-kunststuecke-muenchen.de\/wp-content\/uploads\/2025\/10\/13_Paris_PontNeuf_Utopie_100x140cm_2024_-scaled.jpg&#8220; title_text=&#8220;13_Paris_PontNeuf_Utopie_100x140cm_2024_&#8220; _builder_version=&#8220;4.22.2&#8243; _module_preset=&#8220;default&#8220; global_colors_info=&#8220;{}&#8220;][\/et_pb_image][et_pb_image src=&#8220;https:\/\/www.galerie-kunststuecke-muenchen.de\/wp-content\/uploads\/2025\/10\/1_Venezia_IGiardiniUtopoiciDiVenezia_100x140cm_2024_-scaled.jpg&#8220; title_text=&#8220;1_Venezia_IGiardiniUtopoiciDiVenezia_100x140cm_2024_&#8220; _builder_version=&#8220;4.22.2&#8243; _module_preset=&#8220;default&#8220; global_colors_info=&#8220;{}&#8220;][\/et_pb_image][\/et_pb_column][\/et_pb_row][et_pb_row _builder_version=&#8220;4.22.2&#8243; _module_preset=&#8220;default&#8220; global_colors_info=&#8220;{}&#8220;][et_pb_column type=&#8220;4_4&#8243; _builder_version=&#8220;4.22.2&#8243; _module_preset=&#8220;default&#8220; global_colors_info=&#8220;{}&#8220;][\/et_pb_column][\/et_pb_row][et_pb_row column_structure=&#8220;1_2,1_2&#8243; _builder_version=&#8220;4.22.2&#8243; _module_preset=&#8220;default&#8220; global_colors_info=&#8220;{}&#8220;][et_pb_column type=&#8220;1_2&#8243; _builder_version=&#8220;4.22.2&#8243; _module_preset=&#8220;default&#8220; global_colors_info=&#8220;{}&#8220;][et_pb_text _builder_version=&#8220;4.22.2&#8243; _module_preset=&#8220;default&#8220; global_colors_info=&#8220;{}&#8220;]<\/p>\n<h2><\/h2>\n<h2>November-Ausstellung 2026:<\/h2>\n<p>&nbsp;<\/p>\n<h2><span style=\"color: #6d0101;\">JENSEITS DER BLAUEN GRENZE<\/span><\/h2>\n<h2>mit Keramik-Objekten der K\u00fcnstlerin <span style=\"color: #22069e;\">MAYA FENDERL<\/span> &amp; Stoff-Objekten von <span style=\"color: #22069e;\">ANNA FENDERL<\/span><\/h2>\n<h2>Sa, 21. November 2026 von 16-19 Uhr<br \/>So, 22. November 2026 von 11-16 Uhr<\/h2>\n<p>[\/et_pb_text][et_pb_image src=&#8220;https:\/\/www.galerie-kunststuecke-muenchen.de\/wp-content\/uploads\/2026\/01\/Maya_2.jpg&#8220; title_text=&#8220;Maya_2&#8243; _builder_version=&#8220;4.22.2&#8243; _module_preset=&#8220;default&#8220; global_colors_info=&#8220;{}&#8220;][\/et_pb_image][\/et_pb_column][et_pb_column type=&#8220;1_2&#8243; _builder_version=&#8220;4.22.2&#8243; _module_preset=&#8220;default&#8220; global_colors_info=&#8220;{}&#8220;][et_pb_image src=&#8220;https:\/\/www.galerie-kunststuecke-muenchen.de\/wp-content\/uploads\/2026\/01\/09.07.24_Burg_0810-scaled.jpg&#8220; title_text=&#8220;09.07.24_Burg_0810&#8243; _builder_version=&#8220;4.22.2&#8243; _module_preset=&#8220;default&#8220; global_colors_info=&#8220;{}&#8220;][\/et_pb_image][et_pb_image src=&#8220;https:\/\/www.galerie-kunststuecke-muenchen.de\/wp-content\/uploads\/2026\/01\/o.T.4-scaled.jpg&#8220; title_text=&#8220;o.T.4&#8243; _builder_version=&#8220;4.22.2&#8243; _module_preset=&#8220;default&#8220; global_colors_info=&#8220;{}&#8220;][\/et_pb_image][\/et_pb_column][\/et_pb_row][\/et_pb_section]<\/p>\n","protected":false},"excerpt":{"rendered":"<p>VORSCHAU 20262 Fotos: \u00a9 MainelschmidtM\u00e4rz-Ausstellung 2026: &nbsp; HEITERKEIT TRIFFT SEELE 2.0 mit Malerei der belgischen K\u00fcnstlerin GREET HELSEN &amp; Bronze-Skulpturen von PATRICIA LOSADA\u00a0&amp; Steinskulpturen von\u00a0RENATE HOFER Sa, 21. M\u00e4rz 2026 von 16-19 UhrSo, 22. M\u00e4rz 2026 von 11-17 Uhr Juli-Ausstellung 2026: &nbsp; GEHEIME ZEICHEN mit Malerei des bulgarischen K\u00fcnstlers ILIYA ZHELEV &amp; Holz-Skulpturen von HEIDI [&hellip;]<\/p>\n","protected":false},"author":3,"featured_media":549,"parent":0,"menu_order":0,"comment_status":"closed","ping_status":"closed","template":"","meta":{"_et_pb_use_builder":"on","_et_pb_old_content":"","_et_gb_content_width":"","_monsterinsights_skip_tracking":false,"_monsterinsights_sitenote_active":false,"_monsterinsights_sitenote_note":"","_monsterinsights_sitenote_category":0,"footnotes":""},"class_list":["post-114","page","type-page","status-publish","has-post-thumbnail","hentry"],"_links":{"self":[{"href":"https:\/\/www.galerie-kunststuecke-muenchen.de\/index.php?rest_route=\/wp\/v2\/pages\/114","targetHints":{"allow":["GET"]}}],"collection":[{"href":"https:\/\/www.galerie-kunststuecke-muenchen.de\/index.php?rest_route=\/wp\/v2\/pages"}],"about":[{"href":"https:\/\/www.galerie-kunststuecke-muenchen.de\/index.php?rest_route=\/wp\/v2\/types\/page"}],"author":[{"embeddable":true,"href":"https:\/\/www.galerie-kunststuecke-muenchen.de\/index.php?rest_route=\/wp\/v2\/users\/3"}],"replies":[{"embeddable":true,"href":"https:\/\/www.galerie-kunststuecke-muenchen.de\/index.php?rest_route=%2Fwp%2Fv2%2Fcomments&post=114"}],"version-history":[{"count":313,"href":"https:\/\/www.galerie-kunststuecke-muenchen.de\/index.php?rest_route=\/wp\/v2\/pages\/114\/revisions"}],"predecessor-version":[{"id":10426,"href":"https:\/\/www.galerie-kunststuecke-muenchen.de\/index.php?rest_route=\/wp\/v2\/pages\/114\/revisions\/10426"}],"wp:featuredmedia":[{"embeddable":true,"href":"https:\/\/www.galerie-kunststuecke-muenchen.de\/index.php?rest_route=\/wp\/v2\/media\/549"}],"wp:attachment":[{"href":"https:\/\/www.galerie-kunststuecke-muenchen.de\/index.php?rest_route=%2Fwp%2Fv2%2Fmedia&parent=114"}],"curies":[{"name":"wp","href":"https:\/\/api.w.org\/{rel}","templated":true}]}}