{"id":38,"date":"2017-02-10T12:50:13","date_gmt":"2017-02-10T12:50:13","guid":{"rendered":"http:\/\/xn--galerie-kunststcke-mnchen-twcf.de\/?page_id=38"},"modified":"2026-03-26T21:06:27","modified_gmt":"2026-03-26T21:06:27","slug":"startseite","status":"publish","type":"page","link":"https:\/\/www.galerie-kunststuecke-muenchen.de\/","title":{"rendered":"HOME"},"content":{"rendered":"<p>[et_pb_section fb_built=&#8220;1&#8243; _builder_version=&#8220;4.22.2&#8243; background_color=&#8220;rgba(255,255,255,0)&#8220; custom_padding=&#8220;54px|0px|54px|0px|true|&#8220; transparent_background=&#8220;on&#8220; global_colors_info=&#8220;{}&#8220;][et_pb_row column_structure=&#8220;3_5,2_5&#8243; module_class=&#8220; et_pb_row_fullwidth&#8220; _builder_version=&#8220;4.22.2&#8243; background_size=&#8220;initial&#8220; background_position=&#8220;top_left&#8220; background_repeat=&#8220;repeat&#8220; width=&#8220;89%&#8220; width_tablet=&#8220;80%&#8220; width_phone=&#8220;&#8220; width_last_edited=&#8220;on|desktop&#8220; max_width=&#8220;234%&#8220; max_width_tablet=&#8220;80%&#8220; max_width_phone=&#8220;&#8220; max_width_last_edited=&#8220;on|desktop&#8220; custom_padding=&#8220;2px|0px|9px|0px||&#8220; make_fullwidth=&#8220;on&#8220; global_colors_info=&#8220;{}&#8220;][et_pb_column type=&#8220;3_5&#8243; _builder_version=&#8220;4.16&#8243; background_position=&#8220;top_left&#8220; custom_padding=&#8220;|||&#8220; global_colors_info=&#8220;{}&#8220; custom_padding__hover=&#8220;|||&#8220;][et_pb_blurb title=&#8220;Vernissage %22Heiterkeit trifft Seele 2.0%22           Malerei I GREET HELSEN  Steinskulpturen RENATE HOFER  Bronzeskulpturen I PATRICIA LOSADA&#8220; image_icon_width=&#8220;none&#8220; _builder_version=&#8220;4.22.2&#8243; header_text_color=&#8220;#00647A&#8220; header_font_size=&#8220;35&#8243; header_line_height=&#8220;1.3em&#8220; body_text_color=&#8220;#005e5b&#8220; body_line_height=&#8220;2em&#8220; text_orientation=&#8220;center&#8220; custom_padding=&#8220;4px|||||&#8220; border_width_all=&#8220;0px&#8220; border_color_all=&#8220;#ffffff&#8220; border_style_all=&#8220;solid&#8220; use_border_color=&#8220;on&#8220; border_style=&#8220;solid&#8220; image_max_width=&#8220;none&#8220; global_colors_info=&#8220;{}&#8220;][\/et_pb_blurb][et_pb_image src=&#8220;https:\/\/www.galerie-kunststuecke-muenchen.de\/wp-content\/uploads\/2026\/02\/plakat_Heiterkeit_trifft_Seele2.0_v03.jpg&#8220; title_text=&#8220;plakat_Heiterkeit_trifft_Seele2.0_v03&#8243; _builder_version=&#8220;4.22.2&#8243; _module_preset=&#8220;default&#8220; global_colors_info=&#8220;{}&#8220;][\/et_pb_image][et_pb_image src=&#8220;https:\/\/www.galerie-kunststuecke-muenchen.de\/wp-content\/uploads\/2026\/02\/klappflyer_Heiterkeit_trifft_Seele2.0_3_2-scaled.jpg&#8220; title_text=&#8220;klappflyer_Heiterkeit_trifft_Seele2.0_3_2&#8243; _builder_version=&#8220;4.22.2&#8243; _module_preset=&#8220;default&#8220; global_colors_info=&#8220;{}&#8220;][\/et_pb_image][et_pb_image src=&#8220;https:\/\/www.galerie-kunststuecke-muenchen.de\/wp-content\/uploads\/2026\/02\/klappflyer_Heiterkeit_trifft_Seele2.0_3_1-scaled.jpg&#8220; title_text=&#8220;klappflyer_Heiterkeit_trifft_Seele2.0_3_1&#8243; _builder_version=&#8220;4.22.2&#8243; _module_preset=&#8220;default&#8220; global_colors_info=&#8220;{}&#8220;][\/et_pb_image][\/et_pb_column][et_pb_column type=&#8220;2_5&#8243; _builder_version=&#8220;4.16&#8243; background_position=&#8220;top_left&#8220; custom_padding=&#8220;|||&#8220; global_colors_info=&#8220;{}&#8220; custom_padding__hover=&#8220;|||&#8220;][et_pb_image src=&#8220;https:\/\/www.galerie-kunststuecke-muenchen.de\/wp-content\/uploads\/2026\/01\/Cerrar-el-circulo-III-bearbeitet-scaled.jpg&#8220; title_text=&#8220;Cerrar el circulo III bearbeitet&#8220; _builder_version=&#8220;4.22.2&#8243; _module_preset=&#8220;default&#8220; global_colors_info=&#8220;{}&#8220;][\/et_pb_image][et_pb_image src=&#8220;https:\/\/www.galerie-kunststuecke-muenchen.de\/wp-content\/uploads\/2026\/02\/6774-Bergfruehling-II-2026-100-x-100-cm-Acryl-auf-LW.png&#8220; title_text=&#8220;6774 Bergfr\u00fchling II, 2026, 100 x 100 cm, Acryl auf LW&#8220; _builder_version=&#8220;4.22.2&#8243; _module_preset=&#8220;default&#8220; global_colors_info=&#8220;{}&#8220;][\/et_pb_image][et_pb_image src=&#8220;https:\/\/www.galerie-kunststuecke-muenchen.de\/wp-content\/uploads\/2026\/02\/4_-scaled.jpg&#8220; title_text=&#8220;Retrato&#8220; _builder_version=&#8220;4.22.2&#8243; _module_preset=&#8220;default&#8220; global_colors_info=&#8220;{}&#8220;][\/et_pb_image][\/et_pb_column][\/et_pb_row][et_pb_row column_structure=&#8220;1_3,1_3,1_3&#8243; _builder_version=&#8220;4.22.2&#8243; _module_preset=&#8220;default&#8220; min_height=&#8220;155.6px&#8220; custom_margin=&#8220;70px|auto||auto||&#8220; custom_padding=&#8220;||26px|||&#8220; global_colors_info=&#8220;{}&#8220;][et_pb_column type=&#8220;1_3&#8243; _builder_version=&#8220;4.16&#8243; _module_preset=&#8220;default&#8220; custom_css_main_element=&#8220;position: relative;&#8220; global_colors_info=&#8220;{}&#8220;][\/et_pb_column][et_pb_column type=&#8220;1_3&#8243; _builder_version=&#8220;4.16&#8243; _module_preset=&#8220;default&#8220; custom_css_main_element=&#8220;position: relative;&#8220; global_colors_info=&#8220;{}&#8220;][et_pb_button button_url=&#8220;https:\/\/www.galerie-kunststuecke-muenchen.de\/?project=greet-helsen&#8220; button_text=&#8220;MEHR ERFAHREN ZU GREET HELSEN&#8220; button_alignment=&#8220;left&#8220; module_class=&#8220;w-100&#8243; _builder_version=&#8220;4.22.2&#8243; custom_margin=&#8220;|-76px||-84px||&#8220; custom_padding=&#8220;0px|10px|3px|10px|false|true&#8220; custom_css_main_element=&#8220;  width: 100%;&#8220; button_letter_spacing_hover=&#8220;0&#8243; global_colors_info=&#8220;{}&#8220; button_text_size__hover_enabled=&#8220;off&#8220; button_one_text_size__hover_enabled=&#8220;off&#8220; button_two_text_size__hover_enabled=&#8220;off&#8220; button_text_color__hover_enabled=&#8220;off&#8220; button_one_text_color__hover_enabled=&#8220;off&#8220; button_two_text_color__hover_enabled=&#8220;off&#8220; button_border_width__hover_enabled=&#8220;off&#8220; button_one_border_width__hover_enabled=&#8220;off&#8220; button_two_border_width__hover_enabled=&#8220;off&#8220; button_border_color__hover_enabled=&#8220;off&#8220; button_one_border_color__hover_enabled=&#8220;off&#8220; button_two_border_color__hover_enabled=&#8220;off&#8220; button_border_radius__hover_enabled=&#8220;off&#8220; button_one_border_radius__hover_enabled=&#8220;off&#8220; button_two_border_radius__hover_enabled=&#8220;off&#8220; button_letter_spacing__hover_enabled=&#8220;on&#8220; button_letter_spacing__hover=&#8220;0&#8243; button_one_letter_spacing__hover_enabled=&#8220;off&#8220; button_two_letter_spacing__hover_enabled=&#8220;off&#8220; button_bg_color__hover_enabled=&#8220;off&#8220; button_one_bg_color__hover_enabled=&#8220;off&#8220; button_two_bg_color__hover_enabled=&#8220;off&#8220;][\/et_pb_button][et_pb_button button_url=&#8220;https:\/\/www.galerie-kunststuecke-muenchen.de\/?project=patricia-losada&#8220; button_text=&#8220;MEHR ERFAHREN ZU PATRICIA LOSADA&#8220; button_alignment=&#8220;left&#8220; module_class=&#8220;w-100&#8243; _builder_version=&#8220;4.22.2&#8243; custom_margin=&#8220;|-76px||-84px||&#8220; custom_padding=&#8220;0px|10px|3px|10px|false|true&#8220; custom_css_main_element=&#8220;  width: 100%;&#8220; button_letter_spacing_hover=&#8220;0&#8243; global_colors_info=&#8220;{}&#8220; button_text_size__hover_enabled=&#8220;off&#8220; button_one_text_size__hover_enabled=&#8220;off&#8220; button_two_text_size__hover_enabled=&#8220;off&#8220; button_text_color__hover_enabled=&#8220;off&#8220; button_one_text_color__hover_enabled=&#8220;off&#8220; button_two_text_color__hover_enabled=&#8220;off&#8220; button_border_width__hover_enabled=&#8220;off&#8220; button_one_border_width__hover_enabled=&#8220;off&#8220; button_two_border_width__hover_enabled=&#8220;off&#8220; button_border_color__hover_enabled=&#8220;off&#8220; button_one_border_color__hover_enabled=&#8220;off&#8220; button_two_border_color__hover_enabled=&#8220;off&#8220; button_border_radius__hover_enabled=&#8220;off&#8220; button_one_border_radius__hover_enabled=&#8220;off&#8220; button_two_border_radius__hover_enabled=&#8220;off&#8220; button_letter_spacing__hover_enabled=&#8220;on&#8220; button_letter_spacing__hover=&#8220;0&#8243; button_one_letter_spacing__hover_enabled=&#8220;off&#8220; button_two_letter_spacing__hover_enabled=&#8220;off&#8220; button_bg_color__hover_enabled=&#8220;off&#8220; button_one_bg_color__hover_enabled=&#8220;off&#8220; button_two_bg_color__hover_enabled=&#8220;off&#8220;][\/et_pb_button][et_pb_button button_url=&#8220;https:\/\/www.galerie-kunststuecke-muenchen.de\/?project=dietmar-stegemann&#038;et_fb=1&#038;PageSpeed=off&#8220; button_text=&#8220;MEHR ERFAHREN ZU RENATE HOFER&#8220; button_alignment=&#8220;left&#8220; module_class=&#8220;w-100&#8243; _builder_version=&#8220;4.22.2&#8243; custom_margin=&#8220;|-76px||-84px||&#8220; custom_padding=&#8220;0px|10px|3px|10px|false|true&#8220; hover_enabled=&#8220;0&#8243; custom_css_main_element=&#8220;  width: 100%;&#8220; button_letter_spacing_hover=&#8220;0&#8243; global_colors_info=&#8220;{}&#8220; button_text_size__hover_enabled=&#8220;off&#8220; button_one_text_size__hover_enabled=&#8220;off&#8220; button_two_text_size__hover_enabled=&#8220;off&#8220; button_text_color__hover_enabled=&#8220;off&#8220; button_one_text_color__hover_enabled=&#8220;off&#8220; button_two_text_color__hover_enabled=&#8220;off&#8220; button_border_width__hover_enabled=&#8220;off&#8220; button_one_border_width__hover_enabled=&#8220;off&#8220; button_two_border_width__hover_enabled=&#8220;off&#8220; button_border_color__hover_enabled=&#8220;off&#8220; button_one_border_color__hover_enabled=&#8220;off&#8220; button_two_border_color__hover_enabled=&#8220;off&#8220; button_border_radius__hover_enabled=&#8220;off&#8220; button_one_border_radius__hover_enabled=&#8220;off&#8220; button_two_border_radius__hover_enabled=&#8220;off&#8220; button_letter_spacing__hover_enabled=&#8220;on&#8220; button_letter_spacing__hover=&#8220;0&#8243; button_one_letter_spacing__hover_enabled=&#8220;off&#8220; button_two_letter_spacing__hover_enabled=&#8220;off&#8220; button_bg_color__hover_enabled=&#8220;off&#8220; button_one_bg_color__hover_enabled=&#8220;off&#8220; button_two_bg_color__hover_enabled=&#8220;off&#8220; sticky_enabled=&#8220;0&#8243;][\/et_pb_button][\/et_pb_column][et_pb_column type=&#8220;1_3&#8243; _builder_version=&#8220;4.16&#8243; _module_preset=&#8220;default&#8220; global_colors_info=&#8220;{}&#8220;][\/et_pb_column][\/et_pb_row][et_pb_row _builder_version=&#8220;4.22.2&#8243; _module_preset=&#8220;default&#8220; custom_padding=&#8220;5px|||||&#8220; global_colors_info=&#8220;{}&#8220;][et_pb_column type=&#8220;4_4&#8243; _builder_version=&#8220;4.22.2&#8243; _module_preset=&#8220;default&#8220; global_colors_info=&#8220;{}&#8220;][et_pb_divider show_divider=&#8220;off&#8220; _builder_version=&#8220;4.22.2&#8243; _module_preset=&#8220;default&#8220; min_height=&#8220;0px&#8220; global_colors_info=&#8220;{}&#8220;][\/et_pb_divider][\/et_pb_column][\/et_pb_row][et_pb_row admin_label=&#8220;Zeile&#8220; _builder_version=&#8220;4.22.2&#8243; global_colors_info=&#8220;{}&#8220;][et_pb_column type=&#8220;4_4&#8243; _builder_version=&#8220;4.16&#8243; custom_padding=&#8220;|||&#8220; global_colors_info=&#8220;{}&#8220; custom_padding__hover=&#8220;|||&#8220;][et_pb_text _builder_version=&#8220;4.22.2&#8243; border_style=&#8220;solid&#8220; global_colors_info=&#8220;{}&#8220;]<\/p>\n<h1 style=\"text-align: center;\"><\/h1>\n<h3><\/h3>\n<p>[\/et_pb_text][\/et_pb_column][\/et_pb_row][et_pb_row column_structure=&#8220;1_3,1_3,1_3&#8243; _builder_version=&#8220;4.16&#8243; background_size=&#8220;initial&#8220; background_position=&#8220;top_left&#8220; background_repeat=&#8220;repeat&#8220; custom_padding=&#8220;24px|0px|23px|0px&#8220; global_colors_info=&#8220;{}&#8220;][et_pb_column type=&#8220;1_3&#8243; _builder_version=&#8220;4.16&#8243; custom_padding=&#8220;|||&#8220; global_colors_info=&#8220;{}&#8220; custom_padding__hover=&#8220;|||&#8220;][et_pb_divider color=&#8220;#adadad&#8220; disabled_on=&#8220;on|on|off&#8220; _builder_version=&#8220;4.16&#8243; hide_on_mobile=&#8220;on&#8220; global_colors_info=&#8220;{}&#8220;]&nbsp;<br \/>\n[\/et_pb_divider][et_pb_text _builder_version=&#8220;4.22.2&#8243; text_text_color=&#8220;#a200b7&#8243; text_font_size=&#8220;23px&#8220; text_orientation=&#8220;center&#8220; module_alignment=&#8220;center&#8220; min_height=&#8220;517.8px&#8220; custom_margin=&#8220;||-140px|||&#8220; custom_padding=&#8220;12px|||||&#8220; border_style=&#8220;solid&#8220; inline_fonts=&#8220;Abril Fatface&#8220; global_colors_info=&#8220;{}&#8220;]<\/p>\n<p><span style=\"color: #4f192d;\"><\/span><span style=\"font-family: 'Abril Fatface'; font-weight: normal; color: #07629e;\">\u00d6FFNUNGSZEITEN<\/span><span style=\"color: #020016;\"><\/span><\/p>\n<p><span style=\"color: #020016;\">Donnerstag &amp; Freitag von <br \/>16-19 Uhr<\/span><\/p>\n<p><span style=\"color: #020016;\">Samstag von 13-17 Uhr<\/span><\/p>\n<p><span style=\"color: #020016;\">und jederzeit gerne nach Vereinbarung!<br \/><\/span><\/p>\n<p><span style=\"color: #020016;\"><\/span><\/p>\n<p><span style=\"color: #333333;\">+ 49 170 2457631<\/span><span style=\"color: #333333;\"><\/span><\/p>\n<p><span style=\"color: #333333;\"><span style=\"color: #106b70;\"><a style=\"color: #106b70;\" href=\"mailto:info@galeriekunststuecke.de\">info@galeriekunststuecke.de<\/a><\/span><\/span><span style=\"color: #333333;\"><span style=\"color: #106b70;\"><a style=\"color: #106b70;\" href=\"mailto:info@galeriekunststuecke.de\"><\/a><\/span><\/span><\/p>\n<p>&nbsp;<\/p>\n<p>&nbsp;<\/p>\n<p><span style=\"color: #333333;\"><span style=\"color: #106b70;\"><\/span><\/span><\/p>\n<p><span style=\"color: #333333;\"><span style=\"color: #106b70;\"><\/span><\/span><\/p>\n<p><span style=\"color: #333333;\"><span style=\"color: #106b70;\"><\/span><\/span><\/p>\n<p><span style=\"color: #333333;\"><span style=\"color: #106b70;\"><\/span><\/span><\/p>\n<div class=\"et_pb_text_inner\">\n<div data-shortcode-id=\"0.4.2.5-1727683984303\" data-quickaccess-editable=\"yes\" class=\"et-fb-popover-tinymce\">\n<div class=\"mce-content-body\" contenteditable=\"true\" style=\"position: relative;\"><\/div>\n<\/div>\n<\/div>\n<p><span style=\"color: #333333;\"><span style=\"color: #106b70;\"><\/span><\/span><\/p>\n<p>[\/et_pb_text][et_pb_image src=&#8220;https:\/\/www.galerie-kunststuecke-muenchen.de\/wp-content\/uploads\/2026\/01\/09.07.24_Burg_0810-scaled.jpg&#8220; title_text=&#8220;09.07.24_Burg_0810&#8243; _builder_version=&#8220;4.22.2&#8243; _module_preset=&#8220;default&#8220; global_colors_info=&#8220;{}&#8220;][\/et_pb_image][et_pb_text _builder_version=&#8220;4.22.2&#8243; _module_preset=&#8220;default&#8220; global_colors_info=&#8220;{}&#8220;]<\/p>\n<p><span>Blue Bird, Wei\u00dfer Ton, Glasur. Foto: Alexander Burzik<\/span><\/p>\n<p>[\/et_pb_text][et_pb_text _builder_version=&#8220;4.22.2&#8243; _module_preset=&#8220;default&#8220; custom_padding=&#8220;0px||0px|||&#8220; global_colors_info=&#8220;{}&#8220;]<\/p>\n<p><span style=\"color: #660b0b;\">WIR GRATULIEREN&#8230;<br \/><\/span><span style=\"color: #660b0b;\">unserer K\u00fcnstlerin <strong>MAYA FENDERL\u00a0 <\/strong>zum <span style=\"text-decoration: underline;\"><strong>F\u00d6RDERPREIS K<\/strong><strong>E<\/strong><strong>RAM<\/strong><strong>IK IM PULVERTURM <br \/><\/strong><\/span><strong>der Stadt Oldenburg 2026<\/strong><\/span><\/p>\n<p><span style=\"color: #660b0b;\"><\/span><\/p>\n<p>Der F\u00f6rderpreis \u201eKeramik im Pulverturm\u201c ist ein seit 1996 vergebener Oldenburger Preis f\u00fcr junge, innovative Keramikk\u00fcnstler, der eine Ausstellung im historischen Pulverturm des<span>\u00a0<\/span><span jscontroller=\"Sk3xkc\" jsuid=\"StcgGc_a\" data-processed=\"true\" style=\"color: #0f0104;\"><a class=\"H23r4e\" target=\"_blank\" rel=\"noopener\" href=\"https:\/\/stadtmuseum-oldenburg.de\/austellungen\/nora-arrieta-schlaraffenland\/\" ping=\"\/url?sa=t&amp;source=web&amp;rct=j&amp;url=https:\/\/stadtmuseum-oldenburg.de\/austellungen\/nora-arrieta-schlaraffenland\/&amp;ved=2ahUKEwj1iYXdl4aSAxWkVfEDHXSaNjoQy_kOegQIARAB&amp;opi=89978449\" data-processed=\"true\" style=\"color: #0f0104;\">Stadtmuseums Oldenburg<\/a><\/span><span> erm\u00f6glicht. <br \/>Der F\u00f6rderpreis f\u00fcr Keramik wird im Sommer 2026 an die Bildhauerin Maya Fenderl verliehen. Begr\u00fcndung: &#8222;Sie verwandelt den mittelalterlichen Pulverturm mit ihren fantasievollen Werken in einen exotischen Ort. Leuchtende Farben, die an den Expressionismus erinnern, freche Formen, die mit Gegens\u00e4tzen spielen und eine Prise von Absurdit\u00e4t, machen die besondere Raffinesse der Keramiken von Maya Fenderl aus. Ob verschlungen, gefaltet, geringelt, gestreift, wild wuchernd oder gepunktet, die Vielfalt der Oberfl\u00e4chen ist erfrischend anders.&#8220;<\/span><span><\/span><span><\/span><span><\/span><\/p>\n<p><span><\/span><\/p>\n<p>[\/et_pb_text][et_pb_image src=&#8220;https:\/\/www.galerie-kunststuecke-muenchen.de\/wp-content\/uploads\/2026\/01\/Maya_2.jpg&#8220; title_text=&#8220;Maya_2&#8243; _builder_version=&#8220;4.22.2&#8243; _module_preset=&#8220;default&#8220; global_colors_info=&#8220;{}&#8220;][\/et_pb_image][\/et_pb_column][et_pb_column type=&#8220;1_3&#8243; _builder_version=&#8220;4.22.2&#8243; _module_preset=&#8220;default&#8220; global_colors_info=&#8220;{}&#8220;][\/et_pb_column][et_pb_column type=&#8220;1_3&#8243; _builder_version=&#8220;4.16&#8243; custom_padding=&#8220;|||&#8220; global_colors_info=&#8220;{}&#8220; custom_padding__hover=&#8220;|||&#8220;][et_pb_divider color=&#8220;#a0a5a3&#8243; disabled_on=&#8220;on|on|off&#8220; _builder_version=&#8220;4.16&#8243; hide_on_mobile=&#8220;on&#8220; global_colors_info=&#8220;{}&#8220;]&nbsp;<br \/>\n[\/et_pb_divider][et_pb_text _builder_version=&#8220;4.22.2&#8243; _module_preset=&#8220;default&#8220; text_text_color=&#8220;#18a387&#8243; text_font_size=&#8220;24px&#8220; min_height=&#8220;270px&#8220; custom_padding=&#8220;7px||5px|||&#8220; global_colors_info=&#8220;{}&#8220;]<\/p>\n<h1 style=\"text-align: center;\"><\/h1>\n<h1 style=\"text-align: center;\"><span style=\"color: #017c1c;\"><strong><span style=\"color: #017491;\"><span style=\"font-family: 'Abril Fatface'; font-weight: normal; color: #07629e;\">\u00a0VORSCHAU<\/span><br \/><\/span><\/strong><br \/><\/span><span style=\"color: #097268;\">Sa, 21. M\u00e4rz 2026 I 16 Uhr<br \/><\/span><\/h1>\n<h1 style=\"text-align: center;\"><span style=\"color: #097268;\">Ausstellungser\u00f6ffnung<\/span><\/h1>\n<h1 style=\"text-align: center;\"><span style=\"color: #097268;\">&#8222;Heiterkeit trifft Seele 2.0&#8220;<br \/><\/span><br \/><span style=\"text-decoration: underline; color: #097268;\">Malerei I GREET HELSEN Skulpturen I PATRICIA LOSADA Steinskulptur I<\/span><span style=\"text-decoration: underline; color: #097268;\">\u00a0RENATE HOFER<\/span><\/h1>\n<p><span style=\"color: #efc621;\"><\/span><\/p>\n<p>[\/et_pb_text][et_pb_image src=&#8220;https:\/\/www.galerie-kunststuecke-muenchen.de\/wp-content\/uploads\/2026\/02\/6778-Spiegelung-2026-110-x-140-cm-Acryl-auf-LW-1.png&#8220; title_text=&#8220;6778 Spiegelung, 2026, 110 x 140 cm, Acryl auf LW&#8220; _builder_version=&#8220;4.22.2&#8243; _module_preset=&#8220;default&#8220; global_colors_info=&#8220;{}&#8220;][\/et_pb_image][et_pb_text _builder_version=&#8220;4.22.2&#8243; _module_preset=&#8220;default&#8220; global_colors_info=&#8220;{}&#8220;]<\/p>\n<p>GREET HELSEN &#8222;Spiegelung&#8220;, 110 x 140 cm, Acryl auf LW<\/p>\n<p>[\/et_pb_text][et_pb_image src=&#8220;https:\/\/www.galerie-kunststuecke-muenchen.de\/wp-content\/uploads\/2026\/01\/IMG_6514-scaled.jpeg&#8220; title_text=&#8220;IMG_6514&#8243; _builder_version=&#8220;4.22.2&#8243; _module_preset=&#8220;default&#8220; global_colors_info=&#8220;{}&#8220;][\/et_pb_image][et_pb_text _builder_version=&#8220;4.22.2&#8243; _module_preset=&#8220;default&#8220; locked=&#8220;off&#8220; global_colors_info=&#8220;{}&#8220;]<\/p>\n<p>PATRICIA LOSADA &#8222;Tres Bailando&#8220;, Bronze<\/p>\n<p>[\/et_pb_text][et_pb_image src=&#8220;https:\/\/www.galerie-kunststuecke-muenchen.de\/wp-content\/uploads\/2026\/02\/6766-Titel-2025-60-x-60-cm-Acryl-auf-LW.png&#8220; title_text=&#8220;6766 Titel, 2025, 60 x 60 cm, Acryl auf LW&#8220; _builder_version=&#8220;4.22.2&#8243; _module_preset=&#8220;default&#8220; global_colors_info=&#8220;{}&#8220;][\/et_pb_image][et_pb_text _builder_version=&#8220;4.22.2&#8243; _module_preset=&#8220;default&#8220; global_colors_info=&#8220;{}&#8220;]<\/p>\n<p>GREET HELSEN &#8222;O.T.&#8220;, 60 x 60 cm, Acryl auf Leinwand<\/p>\n<p>[\/et_pb_text][et_pb_image src=&#8220;https:\/\/www.galerie-kunststuecke-muenchen.de\/wp-content\/uploads\/2026\/01\/2025-Balingen-Mainelschmidt-45.jpeg&#8220; title_text=&#8220;2025 Balingen Mainelschmidt&#8211;45&#8243; _builder_version=&#8220;4.22.2&#8243; _module_preset=&#8220;default&#8220; global_colors_info=&#8220;{}&#8220;][\/et_pb_image][et_pb_text _builder_version=&#8220;4.22.2&#8243; _module_preset=&#8220;default&#8220; global_colors_info=&#8220;{}&#8220;]<\/p>\n<p>RENATE HOFER &#8222;Springstone&#8220;, H 54 cm x B 40 cm\u00a0 \u00a0 Foto: <span>\u00a9<\/span> Mainelschmidt\u00a0<\/p>\n<p>[\/et_pb_text][\/et_pb_column][\/et_pb_row][\/et_pb_section]<\/p>\n","protected":false},"excerpt":{"rendered":"<p>&nbsp; \u00d6FFNUNGSZEITEN Donnerstag &amp; Freitag von 16-19 Uhr Samstag von 13-17 Uhr und jederzeit gerne nach Vereinbarung! + 49 170 2457631 info@galeriekunststuecke.de &nbsp; &nbsp; Blue Bird, Wei\u00dfer Ton, Glasur. Foto: Alexander BurzikWIR GRATULIEREN&#8230;unserer K\u00fcnstlerin MAYA FENDERL\u00a0 zum F\u00d6RDERPREIS KERAMIK IM PULVERTURM der Stadt Oldenburg 2026 Der F\u00f6rderpreis \u201eKeramik im Pulverturm\u201c ist ein seit 1996 vergebener [&hellip;]<\/p>\n","protected":false},"author":5,"featured_media":0,"parent":0,"menu_order":0,"comment_status":"closed","ping_status":"closed","template":"","meta":{"_et_pb_use_builder":"on","_et_pb_old_content":"","_et_gb_content_width":"","_monsterinsights_skip_tracking":false,"_monsterinsights_sitenote_active":false,"_monsterinsights_sitenote_note":"","_monsterinsights_sitenote_category":0,"footnotes":""},"class_list":["post-38","page","type-page","status-publish","hentry"],"_links":{"self":[{"href":"https:\/\/www.galerie-kunststuecke-muenchen.de\/index.php?rest_route=\/wp\/v2\/pages\/38","targetHints":{"allow":["GET"]}}],"collection":[{"href":"https:\/\/www.galerie-kunststuecke-muenchen.de\/index.php?rest_route=\/wp\/v2\/pages"}],"about":[{"href":"https:\/\/www.galerie-kunststuecke-muenchen.de\/index.php?rest_route=\/wp\/v2\/types\/page"}],"author":[{"embeddable":true,"href":"https:\/\/www.galerie-kunststuecke-muenchen.de\/index.php?rest_route=\/wp\/v2\/users\/5"}],"replies":[{"embeddable":true,"href":"https:\/\/www.galerie-kunststuecke-muenchen.de\/index.php?rest_route=%2Fwp%2Fv2%2Fcomments&post=38"}],"version-history":[{"count":871,"href":"https:\/\/www.galerie-kunststuecke-muenchen.de\/index.php?rest_route=\/wp\/v2\/pages\/38\/revisions"}],"predecessor-version":[{"id":10463,"href":"https:\/\/www.galerie-kunststuecke-muenchen.de\/index.php?rest_route=\/wp\/v2\/pages\/38\/revisions\/10463"}],"wp:attachment":[{"href":"https:\/\/www.galerie-kunststuecke-muenchen.de\/index.php?rest_route=%2Fwp%2Fv2%2Fmedia&parent=38"}],"curies":[{"name":"wp","href":"https:\/\/api.w.org\/{rel}","templated":true}]}}