{"id":851,"date":"2017-06-20T10:20:27","date_gmt":"2017-06-20T10:20:27","guid":{"rendered":"http:\/\/xn--galerie-kunststcke-mnchen-twcf.de\/?page_id=851"},"modified":"2018-10-25T08:01:27","modified_gmt":"2018-10-25T08:01:27","slug":"datenschutzerklaerung","status":"publish","type":"page","link":"https:\/\/www.galerie-kunststuecke-muenchen.de\/?page_id=851","title":{"rendered":"DATENSCHUTZ"},"content":{"rendered":"<p>[et_pb_section bb_built=&#8220;1&#8243; admin_label=&#8220;section&#8220; _builder_version=&#8220;3.0.47&#8243;][et_pb_row admin_label=&#8220;row&#8220; _builder_version=&#8220;3.0.47&#8243; background_size=&#8220;initial&#8220; background_position=&#8220;top_left&#8220; background_repeat=&#8220;repeat&#8220;][et_pb_column type=&#8220;4_4&#8243;][et_pb_text _builder_version=&#8220;3.0.59&#8243;]<\/p>\n<h1>Datenschutzerkl\u00e4rung<\/h1>\n<p>[\/et_pb_text][et_pb_text _builder_version=&#8220;3.0.59&#8243; background_layout=&#8220;light&#8220; text_orientation=&#8220;left&#8220; border_style=&#8220;solid&#8220;]<\/p>\n<p><b>Aktive Komponenten<\/b><br \/>\nF\u00fcr die Darstellung der Website wird Javascript verwendet. Diese Funktion kann durch die Einstellung des Internetbrowsers abgeschaltet werden. Durch das Deaktivieren dieser Funktion muss der Nutzer ber\u00fccksichtigen, dass die Website nicht mehr ordnungsgem\u00e4\u00df funktionieren wird.<\/p>\n<p><b>Begriffsbestimmungen<\/b><br \/>\nBei Unklarheiten \u00fcber verwendete Fachterminologie, k\u00f6nnen diese in Art. 4 DSGVO gekl\u00e4rt werden.<\/p>\n<p><b>Personenbezogene Daten<\/b><br \/>\nBeim Aufruf der Website der Galerie Kunstst\u00fccke M\u00fcnchen k\u00f6nnen durch den auf dem Endger\u00e4t zum Einsatz kommenden Browser automatisch Informationen an den Server der Website gesendet werden. Die Galerie Kunstst\u00fccke M\u00fcnchen hat keine Einsicht in diese Daten und verarbeitet oder speichert diese nicht aktiv.<br \/>\nFerner speichert die Galerie Kunstst\u00fccke M\u00fcnchen <b>keine<\/b> Informationen \u00fcber die aufgerufenen Seiten, den verwendeten Browser und das Betriebssystem, Datum und Uhrzeit des Zugangs, die verwendete Suchmaschine und die IP-Adresse.<\/p>\n<p><b>Cookies<\/b><br \/>\nCookies sind kleine Dateien die beim Zugriff auf diese Website auf dem Endger\u00e4t gespeichert werden und f\u00fcr die Dauer des Besuchs dieser Internetseite g\u00fcltig sind. Bei der Nutzung dieser Site ist dies jedoch nicht der Fall, da wir keine Cookies verwenden.<\/p>\n<p><b>Datenverarbeitung bei Kontaktaufnahme<\/b><br \/>\nBei Kontaktaufnahme werden vom Nutzer mitgeteilte Daten zur Bearbeitung verarbeitet, erhoben und genutzt. Die mitgeteilten Daten werden gem\u00e4\u00df Art. 6 Abs. 1 lit. b DSGVO f\u00fcr die Erf\u00fcllung eines bestehenden Vertrags zwischen der betroffenen Person und der Galerie Kunstst\u00fccke M\u00fcnchen oder zur Durchf\u00fchrung vorvertraglicher Ma\u00dfnahmen, die auf Anfrage der betroffenen Person erfolgen, verarbeitet.<br \/>\nFerner speichern wir Angaben zu Lieferanten, Veranstaltern und sonstigen Gesch\u00e4ftspartnern, z. B. zwecks sp\u00e4terer Kontaktaufnahme. Diese Daten speichern wir grunds\u00e4tzlich dauerhaft.<\/p>\n<p><b>Betroffenenrechte<\/b><br \/>\nBetroffene haben unter den gesetzlichen Voraussetzungen das Recht auf Auskunft (Art. 15 DSGVO), das Recht auf Berichtigung (Art. 16 DSGVO), das Recht auf L\u00f6schung (Art. 17 DSGVO), das Recht auf Einschr\u00e4nkung der Verarbeitung (Art. 18 DSGVO), das Recht auf Daten\u00fcbertragbarkeit (Art. 20 DSGVO) der betreffenden personenbezogenen Daten, sowie das Recht auf Beschwerde bei einer Aufsichtsbeh\u00f6rde (Art. 77 DSGVO i.V.m. \u00a7 19 BDSG) und das Recht auf Widerspruch (Art. 21 DSGVO).<br \/>\nAu\u00dferdem haben Betroffene nach Art. 7 Abs. 3 DSGVO das Recht auf Widerruf, soweit die Verarbeitung auf einer Einwilligung beruht.<\/p>\n<p><b>Weitergabe von Daten<\/b><br \/>\nWir verarbeiten nach Art. 6 Abs. 1 lit. c DSGVO und Art. 6 Abs. 1 lit. f DSGVO Daten im Rahmen von Verwaltungsaufgaben sowie der Organisation unseres Betriebs, Finanzbuchhaltung und Befolgung der gesetzlichen Pflichten, sowie zur Erf\u00fcllung vertraglicher Pflichten. Verarbeitet werden dieselben Daten, die wir im Rahmen der Erbringung unserer vertraglichen Leistungen verarbeiten.<br \/>\nVon der Verarbeitung sind Kunden, Gesch\u00e4ftspartner und Interessenten betroffen.<br \/>\nDaten werden hierbei an die Finanzverwaltung, Berater, z. B. Steuerberater oder Wirtschaftspr\u00fcfer sowie weitere Geb\u00fchrenstellen und Zahlungsdienstleiter \u00fcbermittelt bzw. offenbart.<\/p>\n<p><b>Onlinepr\u00e4senzen in sozialen Medien<\/b><br \/>\nWir unterhalten Onlinepr\u00e4senz innerhalb sozialer Netzwerke und Plattformen. Beim Aufruf der jeweiligen Seiten gelten die Gesch\u00e4ftsbedingungen und die Datenschutzerkl\u00e4rung deren jeweiligen Betreiber.<br \/>\nBei Kontaktaufnahme \u00fcber soziale Netzwerke und Plattformen werden die dort vom Nutzer preisgegebenen personenbezogenen Daten verarbeitet.<\/p>\n<p><b>\u00dcbermittlung personenbezogener Daten an Drittl\u00e4nder oder an internationale Organisationen<\/b><br \/>\nAufgrund unserer internationalen Vernetzung kann es sein, dass wir personenbezogene Daten an Partner in Drittl\u00e4ndern oder internationale Organisationen versenden. Durch die \u00dcbermittlung personenbezogener Daten durch den Betroffenen, aufgrund der Erf\u00fcllung eines Vertrags zwischen der betroffenen Person und der Galerie Kunstst\u00fccke M\u00fcnchen vorvertraglicher Ma\u00dfnahmen auf Antrag der betroffenen Person, willigt der Betroffene gem\u00e4\u00df Art. 6 Abs. 2 DSGVO i.V.m. Art. 49 Abs. 1 lit. b DSGVO in eine Verarbeitung dieser personenbezogenen Daten in Drittl\u00e4ndern oder internationalen Organisationen ein.<\/p>\n<p><b>Google Maps<\/b><br \/>\nEs werden Landkarten des Dienstes \u201eGoogle Maps\u201c des Anbieters Google auf unserer Seite eingebunden. Es k\u00f6nnen vom Anbieter Daten wie IP-Adressen und Standortdaten des Nutzers verarbeitet werden. Die Galerie Kunstst\u00fccke M\u00fcnchen hat keinen Einfluss auf diese Datenverarbeitung. Genauere Informationen zu der dies betreffenden Datenverarbeitung finden Sie unter http:\/\/www.google.com\/policies\/privacy\/<\/p>\n<p><b>Links zu Webseiten anderer Anbieter<\/b><br \/>\nIm Rahmen dieser Site werden Links zu Webseiten anderer Anbieter angeboten. Die Galerie Kunstst\u00fccke M\u00fcnchen hat keinen Einfluss darauf, dass diese Anbieter die Datenschutzbestimmungen einhalten.<\/p>\n<p><b>Einwilligung<\/b><br \/>\nMit der Nutzung dieser Website bzw. der Kontaktaufnahme willigt der Nutzer den in dieser Datenschutzerkl\u00e4rung beschriebenen Datenverarbeitung zu.<br \/>\nDieser Einwilligung kann der Betroffene jederzeit gem\u00e4\u00df Art. 7 Abs. 3 DSGVO widerrufen. Um dies zu tun, soll sich der Betroffene an den Verantwortlichen f\u00fcr die Datenverarbeitung richten.<br \/>\nHat der Nutzer noch nicht das sechzehnte Lebensjahr vollendet, sollte dieser nach Art. 8 Abs. 1 DSGVO ohne Zustimmung der Eltern oder eines Erziehungsberechtigten keine personenbezogenen Daten \u00fcbermitteln.<\/p>\n<p><b>Newsletter<\/b><br \/>\nDie Galerie Kunstst\u00fccke M\u00fcnchen versendet in regelm\u00e4\u00dfigen Abst\u00e4nden Newsletter, die \u00fcber anstehende Veranstaltungen aufkl\u00e4ren. Diese sendet die Galerie nicht ohne eine ausdr\u00fcckliche Einwilligung des Betroffenen. Hat der Betroffene eine Einwilligung gem\u00e4\u00df Art. 6 Abs. 1 lit. a DSGVO gegeben, hat er das Recht, diese jederzeit zu widerrufen (Art. 7 Abs. 3 DSGVO).<br \/>\nHierf\u00fcr soll sich der Betroffene bitte an den Verantwortlichen f\u00fcr die Datenverarbeitung wenden.<\/p>\n<p><b>Aktualit\u00e4t der Datenschutzerkl\u00e4rung<\/b><br \/>\nDiese Datenschutzerkl\u00e4rung hat den Stand Mai 2018. Die Galerie Kunstst\u00fccke M\u00fcnchen beh\u00e4lt sich das Recht vor die Sicherheits- und Datenschutzma\u00dfnahmen laufend den neuesten Erfordernissen anzupassen. Die jeweils aktuelle Datenschutzerkl\u00e4rung kann jederzeit auf dieser Website abgerufen werden.<\/p>\n<p><b>Verantwortlich f\u00fcr die Datenverarbeitung<\/b><br \/>\nGalerie Kunstst\u00fccke M\u00fcnchen<br \/>\nSteffi Hugendubel-Doll<br \/>\n81245 M\u00fcnchen<br \/>\nTel +49 (0) 89 81179603<br \/>\ninfo@galeriekunststuecke.de<\/p>\n<p>[\/et_pb_text][\/et_pb_column][\/et_pb_row][\/et_pb_section]<\/p>\n","protected":false},"excerpt":{"rendered":"<p>Datenschutzerkl\u00e4rung Aktive Komponenten F\u00fcr die Darstellung der Website wird Javascript verwendet. Diese Funktion kann durch die Einstellung des Internetbrowsers abgeschaltet werden. Durch das Deaktivieren dieser Funktion muss der Nutzer ber\u00fccksichtigen, dass die Website nicht mehr ordnungsgem\u00e4\u00df funktionieren wird. Begriffsbestimmungen Bei Unklarheiten \u00fcber verwendete Fachterminologie, k\u00f6nnen diese in Art. 4 DSGVO gekl\u00e4rt werden. Personenbezogene Daten Beim [&hellip;]<\/p>\n","protected":false},"author":3,"featured_media":0,"parent":0,"menu_order":0,"comment_status":"closed","ping_status":"closed","template":"","meta":{"_et_pb_use_builder":"on","_et_pb_old_content":"","_et_gb_content_width":"","_monsterinsights_skip_tracking":false,"_monsterinsights_sitenote_active":false,"_monsterinsights_sitenote_note":"","_monsterinsights_sitenote_category":0,"footnotes":""},"class_list":["post-851","page","type-page","status-publish","hentry"],"_links":{"self":[{"href":"https:\/\/www.galerie-kunststuecke-muenchen.de\/index.php?rest_route=\/wp\/v2\/pages\/851","targetHints":{"allow":["GET"]}}],"collection":[{"href":"https:\/\/www.galerie-kunststuecke-muenchen.de\/index.php?rest_route=\/wp\/v2\/pages"}],"about":[{"href":"https:\/\/www.galerie-kunststuecke-muenchen.de\/index.php?rest_route=\/wp\/v2\/types\/page"}],"author":[{"embeddable":true,"href":"https:\/\/www.galerie-kunststuecke-muenchen.de\/index.php?rest_route=\/wp\/v2\/users\/3"}],"replies":[{"embeddable":true,"href":"https:\/\/www.galerie-kunststuecke-muenchen.de\/index.php?rest_route=%2Fwp%2Fv2%2Fcomments&post=851"}],"version-history":[{"count":10,"href":"https:\/\/www.galerie-kunststuecke-muenchen.de\/index.php?rest_route=\/wp\/v2\/pages\/851\/revisions"}],"predecessor-version":[{"id":6051,"href":"https:\/\/www.galerie-kunststuecke-muenchen.de\/index.php?rest_route=\/wp\/v2\/pages\/851\/revisions\/6051"}],"wp:attachment":[{"href":"https:\/\/www.galerie-kunststuecke-muenchen.de\/index.php?rest_route=%2Fwp%2Fv2%2Fmedia&parent=851"}],"curies":[{"name":"wp","href":"https:\/\/api.w.org\/{rel}","templated":true}]}}